{"id":50,"date":"2021-03-21T13:54:34","date_gmt":"2021-03-21T12:54:34","guid":{"rendered":"http:\/\/www.alzinger.de\/wp1\/?page_id=50"},"modified":"2021-03-21T15:31:14","modified_gmt":"2021-03-21T14:31:14","slug":"raytracing","status":"publish","type":"page","link":"https:\/\/www.alzinger.de\/wp1\/robert\/raytracing\/","title":{"rendered":"Raytracing"},"content":{"rendered":"\n<p><strong>Erster Versuch<\/strong><br>Meine ersten Versuche mit Povray. Die Seerose ist ein Fotografie. Alles noch sehr fern der Realit\u00e4t. Meine ersten Versuche eben. Mein alter Computer hatte an diesem Bild auch schon ganz sch\u00f6n zu rechnen. 2003-10-01<\/p>\n\n\n\n<figure class=\"wp-block-image size-large\"><img loading=\"lazy\" decoding=\"async\" width=\"1024\" height=\"768\" src=\"http:\/\/www.alzinger.de\/wp1\/wp-content\/uploads\/2021\/03\/bild_im_raum_seerose-1024x768.jpg\" alt=\"\" class=\"wp-image-61\" srcset=\"https:\/\/www.alzinger.de\/wp1\/wp-content\/uploads\/2021\/03\/bild_im_raum_seerose-1024x768.jpg 1024w, https:\/\/www.alzinger.de\/wp1\/wp-content\/uploads\/2021\/03\/bild_im_raum_seerose-300x225.jpg 300w, https:\/\/www.alzinger.de\/wp1\/wp-content\/uploads\/2021\/03\/bild_im_raum_seerose-768x576.jpg 768w, https:\/\/www.alzinger.de\/wp1\/wp-content\/uploads\/2021\/03\/bild_im_raum_seerose-1536x1152.jpg 1536w, https:\/\/www.alzinger.de\/wp1\/wp-content\/uploads\/2021\/03\/bild_im_raum_seerose-2048x1536.jpg 2048w, https:\/\/www.alzinger.de\/wp1\/wp-content\/uploads\/2021\/03\/bild_im_raum_seerose-1568x1176.jpg 1568w\" sizes=\"auto, (max-width: 1024px) 100vw, 1024px\" \/><\/figure>\n\n\n\n<p><strong>Die Insel<\/strong><br>Das Bild auf der Staffelei ist \u00fcber mehrere Interationen mit unterschiedlichen Bildparametern mehrfach eingesetzt. Der Tautropfen ist r\u00e4umlich nicht richtig plaziert (siehe Schatten).<br>2003-10-15<\/p>\n\n\n\n<figure class=\"wp-block-image size-large\"><img loading=\"lazy\" decoding=\"async\" width=\"1024\" height=\"819\" src=\"http:\/\/www.alzinger.de\/wp1\/wp-content\/uploads\/2021\/03\/Palmeninsel65-1024x819.jpg\" alt=\"\" class=\"wp-image-65\" srcset=\"https:\/\/www.alzinger.de\/wp1\/wp-content\/uploads\/2021\/03\/Palmeninsel65-1024x819.jpg 1024w, https:\/\/www.alzinger.de\/wp1\/wp-content\/uploads\/2021\/03\/Palmeninsel65-300x240.jpg 300w, https:\/\/www.alzinger.de\/wp1\/wp-content\/uploads\/2021\/03\/Palmeninsel65-768x614.jpg 768w, https:\/\/www.alzinger.de\/wp1\/wp-content\/uploads\/2021\/03\/Palmeninsel65.jpg 1280w\" sizes=\"auto, (max-width: 1024px) 100vw, 1024px\" \/><\/figure>\n\n\n\n<p><strong>Der Wasserfall<\/strong><br>Diese Szene besteht aus 400.000 Objekten. Auf meinem 2.6 Gh P4 braucht das Bild in 1280X1024 schon 1,5 Tage Rechenzeit.<br>2004-10-14<\/p>\n\n\n\n<figure class=\"wp-block-image size-large\"><img loading=\"lazy\" decoding=\"async\" width=\"1024\" height=\"768\" src=\"http:\/\/www.alzinger.de\/wp1\/wp-content\/uploads\/2021\/03\/2004.10.14_wasserfall_wenig_tropfen_schoene_rosen.bmp\" alt=\"\" class=\"wp-image-67\" srcset=\"https:\/\/www.alzinger.de\/wp1\/wp-content\/uploads\/2021\/03\/2004.10.14_wasserfall_wenig_tropfen_schoene_rosen.bmp 1024w, https:\/\/www.alzinger.de\/wp1\/wp-content\/uploads\/2021\/03\/2004.10.14_wasserfall_wenig_tropfen_schoene_rosen-300x225.jpg 300w, https:\/\/www.alzinger.de\/wp1\/wp-content\/uploads\/2021\/03\/2004.10.14_wasserfall_wenig_tropfen_schoene_rosen-768x576.jpg 768w\" sizes=\"auto, (max-width: 1024px) 100vw, 1024px\" \/><\/figure>\n\n\n\n<p><strong>Results of the POVRay Fractal Raytracing Contest<\/strong><br>Link auf die Ergebnisse des&nbsp;<a rel=\"noreferrer noopener\" href=\"https:\/\/web.archive.org\/web\/20200205185129\/http:\/\/paulbourke.net\/exhibition\/povfrac\/final\/\" target=\"_blank\">POVRay Fractal Raytracing Contest<\/a><\/p>\n\n\n<ul class=\"wp-block-latest-posts__list wp-block-latest-posts\"><\/ul>","protected":false},"excerpt":{"rendered":"<p>Erster VersuchMeine ersten Versuche mit Povray. Die Seerose ist ein Fotografie. Alles noch sehr fern der Realit\u00e4t. Meine ersten Versuche eben. Mein alter Computer hatte an diesem Bild auch schon ganz sch\u00f6n zu rechnen. 2003-10-01 Die InselDas Bild auf der Staffelei ist \u00fcber mehrere Interationen mit unterschiedlichen Bildparametern mehrfach eingesetzt. Der Tautropfen ist r\u00e4umlich nicht [&hellip;]<\/p>\n","protected":false},"author":1,"featured_media":0,"parent":7,"menu_order":0,"comment_status":"closed","ping_status":"closed","template":"","meta":{"ngg_post_thumbnail":0,"footnotes":""},"class_list":["post-50","page","type-page","status-publish","hentry"],"yoast_head":"<!-- This site is optimized with the Yoast SEO plugin v27.5 - https:\/\/yoast.com\/product\/yoast-seo-wordpress\/ -->\n<title>Raytracing - www.alzinger.de<\/title>\n<meta name=\"robots\" content=\"index, follow, max-snippet:-1, max-image-preview:large, max-video-preview:-1\" \/>\n<link rel=\"canonical\" href=\"https:\/\/www.alzinger.de\/wp1\/robert\/raytracing\/\" \/>\n<meta property=\"og:locale\" content=\"de_DE\" \/>\n<meta property=\"og:type\" content=\"article\" \/>\n<meta property=\"og:title\" content=\"Raytracing - www.alzinger.de\" \/>\n<meta property=\"og:description\" content=\"Erster VersuchMeine ersten Versuche mit Povray. Die Seerose ist ein Fotografie. Alles noch sehr fern der Realit\u00e4t. Meine ersten Versuche eben. Mein alter Computer hatte an diesem Bild auch schon ganz sch\u00f6n zu rechnen. 2003-10-01 Die InselDas Bild auf der Staffelei ist \u00fcber mehrere Interationen mit unterschiedlichen Bildparametern mehrfach eingesetzt. Der Tautropfen ist r\u00e4umlich nicht [&hellip;]\" \/>\n<meta property=\"og:url\" content=\"https:\/\/www.alzinger.de\/wp1\/robert\/raytracing\/\" \/>\n<meta property=\"og:site_name\" content=\"www.alzinger.de\" \/>\n<meta property=\"article:modified_time\" content=\"2021-03-21T14:31:14+00:00\" \/>\n<meta property=\"og:image\" content=\"http:\/\/www.alzinger.de\/wp1\/wp-content\/uploads\/2021\/03\/bild_im_raum_seerose-1024x768.jpg\" \/>\n<meta name=\"twitter:card\" content=\"summary_large_image\" \/>\n<meta name=\"twitter:label1\" content=\"Gesch\u00e4tzte Lesezeit\" \/>\n\t<meta name=\"twitter:data1\" content=\"1\u00a0Minute\" \/>\n<script type=\"application\/ld+json\" class=\"yoast-schema-graph\">{\"@context\":\"https:\\\/\\\/schema.org\",\"@graph\":[{\"@type\":\"WebPage\",\"@id\":\"https:\\\/\\\/www.alzinger.de\\\/wp1\\\/robert\\\/raytracing\\\/\",\"url\":\"https:\\\/\\\/www.alzinger.de\\\/wp1\\\/robert\\\/raytracing\\\/\",\"name\":\"Raytracing - www.alzinger.de\",\"isPartOf\":{\"@id\":\"https:\\\/\\\/www.alzinger.de\\\/wp1\\\/#website\"},\"primaryImageOfPage\":{\"@id\":\"https:\\\/\\\/www.alzinger.de\\\/wp1\\\/robert\\\/raytracing\\\/#primaryimage\"},\"image\":{\"@id\":\"https:\\\/\\\/www.alzinger.de\\\/wp1\\\/robert\\\/raytracing\\\/#primaryimage\"},\"thumbnailUrl\":\"http:\\\/\\\/www.alzinger.de\\\/wp1\\\/wp-content\\\/uploads\\\/2021\\\/03\\\/bild_im_raum_seerose-1024x768.jpg\",\"datePublished\":\"2021-03-21T12:54:34+00:00\",\"dateModified\":\"2021-03-21T14:31:14+00:00\",\"breadcrumb\":{\"@id\":\"https:\\\/\\\/www.alzinger.de\\\/wp1\\\/robert\\\/raytracing\\\/#breadcrumb\"},\"inLanguage\":\"de\",\"potentialAction\":[{\"@type\":\"ReadAction\",\"target\":[\"https:\\\/\\\/www.alzinger.de\\\/wp1\\\/robert\\\/raytracing\\\/\"]}]},{\"@type\":\"ImageObject\",\"inLanguage\":\"de\",\"@id\":\"https:\\\/\\\/www.alzinger.de\\\/wp1\\\/robert\\\/raytracing\\\/#primaryimage\",\"url\":\"https:\\\/\\\/www.alzinger.de\\\/wp1\\\/wp-content\\\/uploads\\\/2021\\\/03\\\/bild_im_raum_seerose-scaled.jpg\",\"contentUrl\":\"https:\\\/\\\/www.alzinger.de\\\/wp1\\\/wp-content\\\/uploads\\\/2021\\\/03\\\/bild_im_raum_seerose-scaled.jpg\",\"width\":2560,\"height\":1920},{\"@type\":\"BreadcrumbList\",\"@id\":\"https:\\\/\\\/www.alzinger.de\\\/wp1\\\/robert\\\/raytracing\\\/#breadcrumb\",\"itemListElement\":[{\"@type\":\"ListItem\",\"position\":1,\"name\":\"Startseite\",\"item\":\"https:\\\/\\\/www.alzinger.de\\\/wp1\\\/\"},{\"@type\":\"ListItem\",\"position\":2,\"name\":\"Robert\",\"item\":\"https:\\\/\\\/www.alzinger.de\\\/wp1\\\/robert\\\/\"},{\"@type\":\"ListItem\",\"position\":3,\"name\":\"Raytracing\"}]},{\"@type\":\"WebSite\",\"@id\":\"https:\\\/\\\/www.alzinger.de\\\/wp1\\\/#website\",\"url\":\"https:\\\/\\\/www.alzinger.de\\\/wp1\\\/\",\"name\":\"www.alzinger.de\",\"description\":\"Familie Alzinger\",\"potentialAction\":[{\"@type\":\"SearchAction\",\"target\":{\"@type\":\"EntryPoint\",\"urlTemplate\":\"https:\\\/\\\/www.alzinger.de\\\/wp1\\\/?s={search_term_string}\"},\"query-input\":{\"@type\":\"PropertyValueSpecification\",\"valueRequired\":true,\"valueName\":\"search_term_string\"}}],\"inLanguage\":\"de\"}]}<\/script>\n<!-- \/ Yoast SEO plugin. -->","yoast_head_json":{"title":"Raytracing - www.alzinger.de","robots":{"index":"index","follow":"follow","max-snippet":"max-snippet:-1","max-image-preview":"max-image-preview:large","max-video-preview":"max-video-preview:-1"},"canonical":"https:\/\/www.alzinger.de\/wp1\/robert\/raytracing\/","og_locale":"de_DE","og_type":"article","og_title":"Raytracing - www.alzinger.de","og_description":"Erster VersuchMeine ersten Versuche mit Povray. Die Seerose ist ein Fotografie. Alles noch sehr fern der Realit\u00e4t. Meine ersten Versuche eben. Mein alter Computer hatte an diesem Bild auch schon ganz sch\u00f6n zu rechnen. 2003-10-01 Die InselDas Bild auf der Staffelei ist \u00fcber mehrere Interationen mit unterschiedlichen Bildparametern mehrfach eingesetzt. Der Tautropfen ist r\u00e4umlich nicht [&hellip;]","og_url":"https:\/\/www.alzinger.de\/wp1\/robert\/raytracing\/","og_site_name":"www.alzinger.de","article_modified_time":"2021-03-21T14:31:14+00:00","og_image":[{"url":"http:\/\/www.alzinger.de\/wp1\/wp-content\/uploads\/2021\/03\/bild_im_raum_seerose-1024x768.jpg","type":"","width":"","height":""}],"twitter_card":"summary_large_image","twitter_misc":{"Gesch\u00e4tzte Lesezeit":"1\u00a0Minute"},"schema":{"@context":"https:\/\/schema.org","@graph":[{"@type":"WebPage","@id":"https:\/\/www.alzinger.de\/wp1\/robert\/raytracing\/","url":"https:\/\/www.alzinger.de\/wp1\/robert\/raytracing\/","name":"Raytracing - www.alzinger.de","isPartOf":{"@id":"https:\/\/www.alzinger.de\/wp1\/#website"},"primaryImageOfPage":{"@id":"https:\/\/www.alzinger.de\/wp1\/robert\/raytracing\/#primaryimage"},"image":{"@id":"https:\/\/www.alzinger.de\/wp1\/robert\/raytracing\/#primaryimage"},"thumbnailUrl":"http:\/\/www.alzinger.de\/wp1\/wp-content\/uploads\/2021\/03\/bild_im_raum_seerose-1024x768.jpg","datePublished":"2021-03-21T12:54:34+00:00","dateModified":"2021-03-21T14:31:14+00:00","breadcrumb":{"@id":"https:\/\/www.alzinger.de\/wp1\/robert\/raytracing\/#breadcrumb"},"inLanguage":"de","potentialAction":[{"@type":"ReadAction","target":["https:\/\/www.alzinger.de\/wp1\/robert\/raytracing\/"]}]},{"@type":"ImageObject","inLanguage":"de","@id":"https:\/\/www.alzinger.de\/wp1\/robert\/raytracing\/#primaryimage","url":"https:\/\/www.alzinger.de\/wp1\/wp-content\/uploads\/2021\/03\/bild_im_raum_seerose-scaled.jpg","contentUrl":"https:\/\/www.alzinger.de\/wp1\/wp-content\/uploads\/2021\/03\/bild_im_raum_seerose-scaled.jpg","width":2560,"height":1920},{"@type":"BreadcrumbList","@id":"https:\/\/www.alzinger.de\/wp1\/robert\/raytracing\/#breadcrumb","itemListElement":[{"@type":"ListItem","position":1,"name":"Startseite","item":"https:\/\/www.alzinger.de\/wp1\/"},{"@type":"ListItem","position":2,"name":"Robert","item":"https:\/\/www.alzinger.de\/wp1\/robert\/"},{"@type":"ListItem","position":3,"name":"Raytracing"}]},{"@type":"WebSite","@id":"https:\/\/www.alzinger.de\/wp1\/#website","url":"https:\/\/www.alzinger.de\/wp1\/","name":"www.alzinger.de","description":"Familie Alzinger","potentialAction":[{"@type":"SearchAction","target":{"@type":"EntryPoint","urlTemplate":"https:\/\/www.alzinger.de\/wp1\/?s={search_term_string}"},"query-input":{"@type":"PropertyValueSpecification","valueRequired":true,"valueName":"search_term_string"}}],"inLanguage":"de"}]}},"_links":{"self":[{"href":"https:\/\/www.alzinger.de\/wp1\/wp-json\/wp\/v2\/pages\/50","targetHints":{"allow":["GET"]}}],"collection":[{"href":"https:\/\/www.alzinger.de\/wp1\/wp-json\/wp\/v2\/pages"}],"about":[{"href":"https:\/\/www.alzinger.de\/wp1\/wp-json\/wp\/v2\/types\/page"}],"author":[{"embeddable":true,"href":"https:\/\/www.alzinger.de\/wp1\/wp-json\/wp\/v2\/users\/1"}],"replies":[{"embeddable":true,"href":"https:\/\/www.alzinger.de\/wp1\/wp-json\/wp\/v2\/comments?post=50"}],"version-history":[{"count":8,"href":"https:\/\/www.alzinger.de\/wp1\/wp-json\/wp\/v2\/pages\/50\/revisions"}],"predecessor-version":[{"id":97,"href":"https:\/\/www.alzinger.de\/wp1\/wp-json\/wp\/v2\/pages\/50\/revisions\/97"}],"up":[{"embeddable":true,"href":"https:\/\/www.alzinger.de\/wp1\/wp-json\/wp\/v2\/pages\/7"}],"wp:attachment":[{"href":"https:\/\/www.alzinger.de\/wp1\/wp-json\/wp\/v2\/media?parent=50"}],"curies":[{"name":"wp","href":"https:\/\/api.w.org\/{rel}","templated":true}]}}