{"id":316,"date":"2022-01-30T13:38:35","date_gmt":"2022-01-30T12:38:35","guid":{"rendered":"http:\/\/www.alzinger.de\/wp1\/?page_id=316"},"modified":"2022-01-30T13:43:17","modified_gmt":"2022-01-30T12:43:17","slug":"impessum","status":"publish","type":"page","link":"https:\/\/www.alzinger.de\/wp1\/impessum\/","title":{"rendered":"Impressum"},"content":{"rendered":"\n<p>Hinweis zu allen Links:\n\nMit Urteil vom 12. Mai 1998 &#8211; 312 O 85\/98 &#8211; &#8222;Haftung f\u00fcr Links&#8220; hat das Landgericht (LG) Hamburg entschieden, dass man durch das Setzen eines Links, die Inhalte der gelinkten Seite ggf. mit zu verantworten hat. Dies kann &#8211; so das LG &#8211; nur dadurch verhindert werden, dass man sich ausdr\u00fccklich von diesen Inhalten distanziert.\nWir m\u00f6chten ausdr\u00fccklich betonen, dass wir keinerlei Einfluss auf die Gestaltung und die Inhalte der gelinkten Seiten haben. Hiermit distanzieren wir uns ausdr\u00fccklich von allen Inhalten aller gelinkten Seiten auf dieser Homepage und machen uns diese Inhalte nicht zu eigen. Diese Erkl\u00e4rung gilt f\u00fcr alle auf dieser Website angebrachten Links.<\/p>\n\n\n\n<p>Copyright<\/p>\n\n\n\n<p>Jedes Website-Design, jeder Text, alle Grafiken, jede Auswahl bzw. jedes Layout davon und jede Software Copyright ? 2000-2022 Alzinger. ALLE RECHTE VORBEHALTEN. Das Kopieren oder die Reproduktion (inklusive des Ausdrucks auf Papier) der gesamten Website bzw. von Teilen dieser Website werden nur zum pers\u00f6nlichen privaten Nutzen gestattet. (soweit nicht anderweitig vermerkt)<\/p>\n\n\n\n<p>Jede andere Verwendung der auf dieser Website verf?gbaren Materialien bzw. Informationen &#8212; inklusive der Reproduktion, der Weiterverarbeitung, der Ver\u00e4nderung und der Ver\u00f6ffentlichung (auch auf privaten Homesites) ist hiermit untersagt, es sei denn, man hat uns&nbsp;<strong>vorher gefragt<\/strong>&nbsp;und wir haben zugestimmt.<\/p>\n\n\n\n<p>Sollten versehentlich und ohne Wissen auf diesen Seiten gegen Copyright oder Rechte Anderer versto\u00dfen, so bitte wir hiermit um Entschuldigung und Benachrichtigung per MAIL, damit wir dies umgehend berichtigen k\u00f6nnen. Verst\u00f6\u00dfe dieser Art w\u00e4ren unbeabsichtigt. Danke!<\/p>\n\n\n\n<p>Warenzeichen<\/p>\n\n\n\n<p>Alle auf dieser Website evtl. zitierten Warenzeichen, Produktnamen und Firmennamen bzw. &#8211; Logos sind das Alleineigentum der jeweiligen Besitzer.<\/p>\n\n\n\n<hr class=\"wp-block-separator\"\/>\n\n\n\n<p>Verantwortlich f\u00fcr den Inhalt<\/p>\n\n\n\n<p>Alle Texte, Bilder, Buttons, Layouts und Animationen (soweit nicht anderweitig vermerkt)<\/p>\n\n\n\n<p>by<\/p>\n\n\n\n<p>Familie Alzinger<\/p>\n\n\n\n<hr class=\"wp-block-separator\"\/>\n\n\n\n<p>Datenschutzhinweis:<br>Google Analytics- Hinweis: Diese Website benutzt Google Analytics, einen Webanalysedienst der Googe Inc. (&#8222;Google&#8220;) Google Analytics verwendet sog. &#8222;Cookies&#8220;, Textdateien, die auf Ihrem Computer gespeichert werden und die eine Analyse der Benutzung der Website durch Sie erm\u00f6glicht. Die durch den Cookie erzeugten Informationen \u00fcber Ihre Benutzung diese Website (einschlie\u00dflich Ihrer IP-Adresse) wird an einen Server der Google in den USA \u00fcbertragen und dort gespeichert. Google wird diese Informationen benutzen, um Ihre Nutzung der Website auszuwerten, um Reports \u00fcber die Websiteaktivit\u00e4ten f\u00fcr die Websitebetreiber zusammenzustellen und um weitere mit der Websitenutzung und der Internetnutzung verbundene Dienstleistungen zu erbringen. Auch wird Google diese Informationen gegebenenfalls an Dritte \u00fcbertragen, sofern dies gesetzlich vorgeschrieben oder soweit Dritte diese Daten im Auftrag von Google verarbeiten. Google wird in keinem Fall Ihre IP-Adresse mit anderen Daten der Google in Verbindung bringen. Sie k\u00f6nnen die Installation der Cookies durch eine entsprechende Einstellung Ihrer Browser Software verhindern; wir weisen Sie jedoch darauf hin, dass Sie in diesem Fall gegebenenfalls nicht s\u00e4mtliche Funktionen dieser Website voll umf\u00e4nglich nutzen k\u00f6nnen. Durch die Nutzung dieser Website erkl\u00e4ren Sie sich mit der Bearbeitung der \u00fcber Sie erhobenen Daten durch Google in der zuvor beschriebenen Art und Weise und zu dem zuvor benannten Zweck einverstanden.<\/p>\n","protected":false},"excerpt":{"rendered":"<p>Hinweis zu allen Links: Mit Urteil vom 12. Mai 1998 &#8211; 312 O 85\/98 &#8211; &#8222;Haftung f\u00fcr Links&#8220; hat das Landgericht (LG) Hamburg entschieden, dass man durch das Setzen eines Links, die Inhalte der gelinkten Seite ggf. mit zu verantworten hat. Dies kann &#8211; so das LG &#8211; nur dadurch verhindert werden, dass man sich [&hellip;]<\/p>\n","protected":false},"author":1,"featured_media":0,"parent":0,"menu_order":0,"comment_status":"closed","ping_status":"closed","template":"","meta":{"ngg_post_thumbnail":0,"footnotes":""},"class_list":["post-316","page","type-page","status-publish","hentry"],"yoast_head":"<!-- This site is optimized with the Yoast SEO plugin v27.5 - https:\/\/yoast.com\/product\/yoast-seo-wordpress\/ -->\n<title>Impressum - www.alzinger.de<\/title>\n<meta name=\"robots\" content=\"index, follow, max-snippet:-1, max-image-preview:large, max-video-preview:-1\" \/>\n<link rel=\"canonical\" href=\"https:\/\/www.alzinger.de\/wp1\/impessum\/\" \/>\n<meta property=\"og:locale\" content=\"de_DE\" \/>\n<meta property=\"og:type\" content=\"article\" \/>\n<meta property=\"og:title\" content=\"Impressum - www.alzinger.de\" \/>\n<meta property=\"og:description\" content=\"Hinweis zu allen Links: Mit Urteil vom 12. Mai 1998 &#8211; 312 O 85\/98 &#8211; &#8222;Haftung f\u00fcr Links&#8220; hat das Landgericht (LG) Hamburg entschieden, dass man durch das Setzen eines Links, die Inhalte der gelinkten Seite ggf. mit zu verantworten hat. Dies kann &#8211; so das LG &#8211; nur dadurch verhindert werden, dass man sich [&hellip;]\" \/>\n<meta property=\"og:url\" content=\"https:\/\/www.alzinger.de\/wp1\/impessum\/\" \/>\n<meta property=\"og:site_name\" content=\"www.alzinger.de\" \/>\n<meta property=\"article:modified_time\" content=\"2022-01-30T12:43:17+00:00\" \/>\n<meta name=\"twitter:card\" content=\"summary_large_image\" \/>\n<meta name=\"twitter:label1\" content=\"Gesch\u00e4tzte Lesezeit\" \/>\n\t<meta name=\"twitter:data1\" content=\"3\u00a0Minuten\" \/>\n<script type=\"application\/ld+json\" class=\"yoast-schema-graph\">{\"@context\":\"https:\\\/\\\/schema.org\",\"@graph\":[{\"@type\":\"WebPage\",\"@id\":\"https:\\\/\\\/www.alzinger.de\\\/wp1\\\/impessum\\\/\",\"url\":\"https:\\\/\\\/www.alzinger.de\\\/wp1\\\/impessum\\\/\",\"name\":\"Impressum - www.alzinger.de\",\"isPartOf\":{\"@id\":\"https:\\\/\\\/www.alzinger.de\\\/wp1\\\/#website\"},\"datePublished\":\"2022-01-30T12:38:35+00:00\",\"dateModified\":\"2022-01-30T12:43:17+00:00\",\"breadcrumb\":{\"@id\":\"https:\\\/\\\/www.alzinger.de\\\/wp1\\\/impessum\\\/#breadcrumb\"},\"inLanguage\":\"de\",\"potentialAction\":[{\"@type\":\"ReadAction\",\"target\":[\"https:\\\/\\\/www.alzinger.de\\\/wp1\\\/impessum\\\/\"]}]},{\"@type\":\"BreadcrumbList\",\"@id\":\"https:\\\/\\\/www.alzinger.de\\\/wp1\\\/impessum\\\/#breadcrumb\",\"itemListElement\":[{\"@type\":\"ListItem\",\"position\":1,\"name\":\"Startseite\",\"item\":\"https:\\\/\\\/www.alzinger.de\\\/wp1\\\/\"},{\"@type\":\"ListItem\",\"position\":2,\"name\":\"Impressum\"}]},{\"@type\":\"WebSite\",\"@id\":\"https:\\\/\\\/www.alzinger.de\\\/wp1\\\/#website\",\"url\":\"https:\\\/\\\/www.alzinger.de\\\/wp1\\\/\",\"name\":\"www.alzinger.de\",\"description\":\"Familie Alzinger\",\"potentialAction\":[{\"@type\":\"SearchAction\",\"target\":{\"@type\":\"EntryPoint\",\"urlTemplate\":\"https:\\\/\\\/www.alzinger.de\\\/wp1\\\/?s={search_term_string}\"},\"query-input\":{\"@type\":\"PropertyValueSpecification\",\"valueRequired\":true,\"valueName\":\"search_term_string\"}}],\"inLanguage\":\"de\"}]}<\/script>\n<!-- \/ Yoast SEO plugin. -->","yoast_head_json":{"title":"Impressum - www.alzinger.de","robots":{"index":"index","follow":"follow","max-snippet":"max-snippet:-1","max-image-preview":"max-image-preview:large","max-video-preview":"max-video-preview:-1"},"canonical":"https:\/\/www.alzinger.de\/wp1\/impessum\/","og_locale":"de_DE","og_type":"article","og_title":"Impressum - www.alzinger.de","og_description":"Hinweis zu allen Links: Mit Urteil vom 12. Mai 1998 &#8211; 312 O 85\/98 &#8211; &#8222;Haftung f\u00fcr Links&#8220; hat das Landgericht (LG) Hamburg entschieden, dass man durch das Setzen eines Links, die Inhalte der gelinkten Seite ggf. mit zu verantworten hat. Dies kann &#8211; so das LG &#8211; nur dadurch verhindert werden, dass man sich [&hellip;]","og_url":"https:\/\/www.alzinger.de\/wp1\/impessum\/","og_site_name":"www.alzinger.de","article_modified_time":"2022-01-30T12:43:17+00:00","twitter_card":"summary_large_image","twitter_misc":{"Gesch\u00e4tzte Lesezeit":"3\u00a0Minuten"},"schema":{"@context":"https:\/\/schema.org","@graph":[{"@type":"WebPage","@id":"https:\/\/www.alzinger.de\/wp1\/impessum\/","url":"https:\/\/www.alzinger.de\/wp1\/impessum\/","name":"Impressum - www.alzinger.de","isPartOf":{"@id":"https:\/\/www.alzinger.de\/wp1\/#website"},"datePublished":"2022-01-30T12:38:35+00:00","dateModified":"2022-01-30T12:43:17+00:00","breadcrumb":{"@id":"https:\/\/www.alzinger.de\/wp1\/impessum\/#breadcrumb"},"inLanguage":"de","potentialAction":[{"@type":"ReadAction","target":["https:\/\/www.alzinger.de\/wp1\/impessum\/"]}]},{"@type":"BreadcrumbList","@id":"https:\/\/www.alzinger.de\/wp1\/impessum\/#breadcrumb","itemListElement":[{"@type":"ListItem","position":1,"name":"Startseite","item":"https:\/\/www.alzinger.de\/wp1\/"},{"@type":"ListItem","position":2,"name":"Impressum"}]},{"@type":"WebSite","@id":"https:\/\/www.alzinger.de\/wp1\/#website","url":"https:\/\/www.alzinger.de\/wp1\/","name":"www.alzinger.de","description":"Familie Alzinger","potentialAction":[{"@type":"SearchAction","target":{"@type":"EntryPoint","urlTemplate":"https:\/\/www.alzinger.de\/wp1\/?s={search_term_string}"},"query-input":{"@type":"PropertyValueSpecification","valueRequired":true,"valueName":"search_term_string"}}],"inLanguage":"de"}]}},"_links":{"self":[{"href":"https:\/\/www.alzinger.de\/wp1\/wp-json\/wp\/v2\/pages\/316","targetHints":{"allow":["GET"]}}],"collection":[{"href":"https:\/\/www.alzinger.de\/wp1\/wp-json\/wp\/v2\/pages"}],"about":[{"href":"https:\/\/www.alzinger.de\/wp1\/wp-json\/wp\/v2\/types\/page"}],"author":[{"embeddable":true,"href":"https:\/\/www.alzinger.de\/wp1\/wp-json\/wp\/v2\/users\/1"}],"replies":[{"embeddable":true,"href":"https:\/\/www.alzinger.de\/wp1\/wp-json\/wp\/v2\/comments?post=316"}],"version-history":[{"count":5,"href":"https:\/\/www.alzinger.de\/wp1\/wp-json\/wp\/v2\/pages\/316\/revisions"}],"predecessor-version":[{"id":322,"href":"https:\/\/www.alzinger.de\/wp1\/wp-json\/wp\/v2\/pages\/316\/revisions\/322"}],"wp:attachment":[{"href":"https:\/\/www.alzinger.de\/wp1\/wp-json\/wp\/v2\/media?parent=316"}],"curies":[{"name":"wp","href":"https:\/\/api.w.org\/{rel}","templated":true}]}}